{"id":74,"date":"2018-06-01T12:39:50","date_gmt":"2018-06-01T15:39:50","guid":{"rendered":"http:\/\/opusmart.com.br\/hp\/?page_id=74"},"modified":"2024-11-02T10:16:43","modified_gmt":"2024-11-02T13:16:43","slug":"a-empresa","status":"publish","type":"page","link":"https:\/\/opusmart.com.br\/hp10\/a-empresa\/","title":{"rendered":"A EMPRESA"},"content":{"rendered":"<div><\/div>\n<p>&nbsp;<\/p>\n<p><span style=\"font-size: 20px;\"><strong>QUEM SOMOS<\/strong><\/span><\/p>\n<p>Prestamos servi\u00e7os de assessoria a todos os segmentos empresariais.<\/p>\n<p>Nossa empresa disp\u00f5e de equipe t\u00e9cnica, oferecendo um servi\u00e7o de qualidade com melhor custo benef\u00edcio proporcionando \u00e0 sua empresa solu\u00e7\u00f5es para gest\u00e3o em seguran\u00e7a do trabalho.<\/p>\n<p>A OPUSMART est\u00e1 a sua inteira disposi\u00e7\u00e3o para uma visita t\u00e9cnica, elabora\u00e7\u00e3o de documentos como PPRA,\u00a0 AVCB, al\u00e9m de nossos treinamentos\u00a0 da NR5,NR10, NR18,NR33 e NR35.<\/p>\n<p>Tamb\u00e9m realizamos avalia\u00e7\u00f5es quantitativas dos agentes nocivos ( f\u00edsicos, qu\u00edmicos e biol\u00f3gicos).<\/p>\n<p>&nbsp;<\/p>\n<p><span style=\"font-size: 20px;\"><strong>MISS\u00c3O<\/strong><\/span><\/p>\n<p>A OPUSMART tem como miss\u00e3o\u00a0 promover a qualidade de vida e o aumento da produtividade nas empresas atrav\u00e9s da adequa\u00e7\u00e3o dos ambientes laborais \u00e0s normas de seguran\u00e7a do trabalho.<\/p>\n<p>&nbsp;<\/p>\n<p><span style=\"font-size: 20px;\"><strong>VALORES<\/strong><\/span><\/p>\n<p>A OPUSMART dedica-se ao relacionamento com o cliente com transpar\u00eancia, \u00e9tica e qualidade superior, promovendo a gest\u00e3o em seguran\u00e7a do trabalho.<\/p>\n<p>&nbsp;<\/p>\n<p>&nbsp;<\/p>\n","protected":false},"excerpt":{"rendered":"<p>&nbsp; QUEM SOMOS Prestamos servi\u00e7os de assessoria a todos os segmentos empresariais. Nossa empresa disp\u00f5e de equipe t\u00e9cnica, oferecendo um [&hellip;]<\/p>\n","protected":false},"author":1,"featured_media":0,"parent":0,"menu_order":2,"comment_status":"closed","ping_status":"closed","template":"","meta":{"site-sidebar-layout":"default","site-content-layout":"","ast-site-content-layout":"default","site-content-style":"default","site-sidebar-style":"default","ast-global-header-display":"","ast-banner-title-visibility":"","ast-main-header-display":"","ast-hfb-above-header-display":"","ast-hfb-below-header-display":"","ast-hfb-mobile-header-display":"","site-post-title":"","ast-breadcrumbs-content":"","ast-featured-img":"","footer-sml-layout":"","theme-transparent-header-meta":"default","adv-header-id-meta":"","stick-header-meta":"","header-above-stick-meta":"","header-main-stick-meta":"","header-below-stick-meta":"","astra-migrate-meta-layouts":"set","ast-page-background-enabled":"default","ast-page-background-meta":{"desktop":{"background-color":"var(--ast-global-color-4)","background-image":"","background-repeat":"repeat","background-position":"center center","background-size":"auto","background-attachment":"scroll","background-type":"","background-media":"","overlay-type":"","overlay-color":"","overlay-opacity":"","overlay-gradient":""},"tablet":{"background-color":"","background-image":"","background-repeat":"repeat","background-position":"center center","background-size":"auto","background-attachment":"scroll","background-type":"","background-media":"","overlay-type":"","overlay-color":"","overlay-opacity":"","overlay-gradient":""},"mobile":{"background-color":"","background-image":"","background-repeat":"repeat","background-position":"center center","background-size":"auto","background-attachment":"scroll","background-type":"","background-media":"","overlay-type":"","overlay-color":"","overlay-opacity":"","overlay-gradient":""}},"ast-content-background-meta":{"desktop":{"background-color":"var(--ast-global-color-5)","background-image":"","background-repeat":"repeat","background-position":"center center","background-size":"auto","background-attachment":"scroll","background-type":"","background-media":"","overlay-type":"","overlay-color":"","overlay-opacity":"","overlay-gradient":""},"tablet":{"background-color":"var(--ast-global-color-5)","background-image":"","background-repeat":"repeat","background-position":"center center","background-size":"auto","background-attachment":"scroll","background-type":"","background-media":"","overlay-type":"","overlay-color":"","overlay-opacity":"","overlay-gradient":""},"mobile":{"background-color":"var(--ast-global-color-5)","background-image":"","background-repeat":"repeat","background-position":"center center","background-size":"auto","background-attachment":"scroll","background-type":"","background-media":"","overlay-type":"","overlay-color":"","overlay-opacity":"","overlay-gradient":""}},"footnotes":""},"class_list":["post-74","page","type-page","status-publish","hentry"],"_links":{"self":[{"href":"https:\/\/opusmart.com.br\/hp10\/wp-json\/wp\/v2\/pages\/74"}],"collection":[{"href":"https:\/\/opusmart.com.br\/hp10\/wp-json\/wp\/v2\/pages"}],"about":[{"href":"https:\/\/opusmart.com.br\/hp10\/wp-json\/wp\/v2\/types\/page"}],"author":[{"embeddable":true,"href":"https:\/\/opusmart.com.br\/hp10\/wp-json\/wp\/v2\/users\/1"}],"replies":[{"embeddable":true,"href":"https:\/\/opusmart.com.br\/hp10\/wp-json\/wp\/v2\/comments?post=74"}],"version-history":[{"count":2,"href":"https:\/\/opusmart.com.br\/hp10\/wp-json\/wp\/v2\/pages\/74\/revisions"}],"predecessor-version":[{"id":427,"href":"https:\/\/opusmart.com.br\/hp10\/wp-json\/wp\/v2\/pages\/74\/revisions\/427"}],"wp:attachment":[{"href":"https:\/\/opusmart.com.br\/hp10\/wp-json\/wp\/v2\/media?parent=74"}],"curies":[{"name":"wp","href":"https:\/\/api.w.org\/{rel}","templated":true}]}}