{"id":21,"date":"2018-06-01T10:51:41","date_gmt":"2018-06-01T13:51:41","guid":{"rendered":"http:\/\/opusmart.com.br\/hp\/?page_id=21"},"modified":"2024-11-02T10:16:56","modified_gmt":"2024-11-02T13:16:56","slug":"servicos","status":"publish","type":"page","link":"https:\/\/opusmart.com.br\/hp10\/servicos\/","title":{"rendered":"SOLU\u00c7\u00d5ES"},"content":{"rendered":"<div style=\"text-align: center;\"><\/div>\n<p>&nbsp;<\/p>\n<p>Oferecemos treinamentos ministrados por profissionais altamente qualificados:<\/p>\n<ul>\n<li>NR5 (CIPA);<\/li>\n<li>NR9 ( PPRA ).<\/li>\n<li>NR18 (Seguran\u00e7a na constru\u00e7\u00e3o);<\/li>\n<li>NR33 (Espa\u00e7os confinados);<\/li>\n<li>NR35 (Trabalho em altura);<\/li>\n<li>Primeiros socorros;<\/li>\n<li>Preven\u00e7\u00e3o e combate a inc\u00eandio;<\/li>\n<\/ul>\n<p><strong><span style=\"font-size: 24px;\">NR 05 (CIPA)<\/span> <\/strong><\/p>\n<p style=\"text-align: justify;\">A comiss\u00e3o interna de preven\u00e7\u00e3o de acidentes ou simplesmente CIPA, trata-se de uma comiss\u00e3o parit\u00e1ria constitu\u00edda por representantes dos empregados (eleitos em escrut\u00ednio secreto) e dos empregadores (designados pelo empregador), que atua na promo\u00e7\u00e3o \u00e0 seguran\u00e7a e sa\u00fade dos trabalhadores. A Comiss\u00e3o Interna de Preven\u00e7\u00e3o de Acidentes \u2013 CIPA \u00e9 regulamentada pela norma regulamentadora n\u00ba 05, aprovada pela Portaria n\u00ba 3.214, de 08 de junho de 1978 e atualizada pela Portaria SIT n.\u00ba 247, de 12 de julho de 2011 do Minist\u00e9rio do Trabalho e Emprego \u2013 MTE.<\/p>\n<p><strong><span style=\"font-size: 24px;\">NR 09 (PPRA)<br \/>\n<\/span><\/strong><\/p>\n<p style=\"text-align: justify;\">O PPRA \u00e9 a Norma Regulamentadora (NR) n\u00ba 9 e foi estabelecido pela Secretaria de Seguran\u00e7a e Sa\u00fade do Trabalho do Minist\u00e9rio do Trabalho, por meio da Portaria 3214\/78 com objetivo de definir uma metodologia de a\u00e7\u00e3o para garantir a preserva\u00e7\u00e3o da sa\u00fade e integridade dos trabalhadores face aos riscos existentes nos ambientes de trabalho. \u00c9 um documento de a\u00e7\u00e3o cont\u00ednua, um programa de gerenciamento que dever\u00e1 permanecer na empresa \u00e1 disposi\u00e7\u00e3o da fiscaliza\u00e7\u00e3o juntamente com o roteiro das a\u00e7\u00f5es a serem implantadas e as metas do PPRA.<\/p>\n<p style=\"text-align: justify;\"><span style=\"font-size: 24px;\"><strong>NR 18 (PCMAT)<br \/>\n<\/strong><\/span><\/p>\n<p style=\"text-align: justify;\">O PCMAT \u00e9 um programa que visa contribuir para a seguran\u00e7a dos trabalhadores da constru\u00e7\u00e3o civil. \u00c9 obrigat\u00f3rio para estabelecimentos que possuam 20 ou mais trabalhadores.<\/p>\n<p><strong><span style=\"font-size: 24px;\">NR 33 (Trabalho em Espa\u00e7os Confinados)<\/span><br \/>\n<\/strong><\/p>\n<p style=\"text-align: justify;\">A NR 33, que define as regras para o trabalho em espa\u00e7os confinados faz parte da nova leva de Normas Regulamentadoras espec\u00edficas. Elas foram desenvolvidas pelo Minist\u00e9rio do Trabalho em adi\u00e7\u00e3o \u00e0s NR anteriores, para tratar de forma ainda mais precisa determinadas circunst\u00e2ncias de especial risco.<\/p>\n<p><strong><span style=\"font-size: 24px;\">NR 35 (Norma para trabalhos em altura)<br \/>\n<\/span><\/strong><\/p>\n<p style=\"text-align: justify;\">O Minist\u00e9rio do Trabalho e Emprego, atrav\u00e9s da NR-35 que versa sobre trabalho em altura, determina que o empregador deve promover programa para capacita\u00e7\u00e3o dos trabalhadores que realizam trabalho em altura. \u00c9 considerado trabalhador capacitado para o trabalho em altura aquele que foi submetido e aprovado em treinamento, TE\u00d3RICO e PR\u00c1TICO, com carga hor\u00e1ria m\u00ednima de oito horas.<\/p>\n<p style=\"text-align: justify;\">A NR-35 define trabalho em Altura como sendo toda atividade executada acima de 2,00 m (dois metros) do n\u00edvel inferior, onde haja risco de queda. A Academia Arco de Fogo ministra os curso de trabalho em altura para cumprimento da NR-35 com 75% das aulas pr\u00e1ticas.<br \/>\nSeguran\u00e7a em Instala\u00e7\u00f5es e Servi\u00e7os de Eletricidade \u2013 NR10.<\/p>\n<p style=\"text-align: justify;\">Esta Norma Regulamentadora (NR) estabelece os requisitos e condi\u00e7\u00f5es m\u00ednimas objetivando a implementa\u00e7\u00e3o de medidas de controle e sistemas preventivos, de forma a garantir a seguran\u00e7a e a sa\u00fade dos trabalhadores que, direta ou indiretamente, interajam em instala\u00e7\u00f5es el\u00e9tricas e servi\u00e7os com eletricidade.<\/p>\n<p><strong><span style=\"font-size: 24px;\">PRIMEIROS SOCORROS<\/span><\/strong><\/p>\n<p style=\"text-align: justify;\">Muitas empresas t\u00eam investido na capacita\u00e7\u00e3o de alguns colaboradores, atrav\u00e9s de palestra de primeiros socorros, por exemplo. Al\u00e9m de serem procedimentos que salvam vidas, esses treinamentos envolvem a quest\u00e3o social, e mostram tamb\u00e9m a preocupa\u00e7\u00e3o da corpora\u00e7\u00e3o com a preserva\u00e7\u00e3o da vida, e a valoriza\u00e7\u00e3o do colaborador como pessoa.<\/p>\n<p><span style=\"font-size: 24px;\"><strong>PREVEN\u00c7\u00c3O E COMBATE A INC\u00caNDIO<\/strong><\/span><\/p>\n<p style=\"text-align: justify;\">O fogo, que ao longo da hist\u00f3ria, tem trazido grande desenvolvimento para a humanidade atrav\u00e9s da gera\u00e7\u00e3o de energia, quando fora do controle assume a sua natureza destruidora trazendo perdas humanas e do patrim\u00f4nio.<\/p>\n<p style=\"text-align: justify;\">A preven\u00e7\u00e3o juntamente com o desenvolvimento das Normas de Seguran\u00e7a (cujo cumprimento \u00e9 exigido no projeto das edifica\u00e7\u00f5es), t\u00eam sido, sem d\u00favida, as maiores ferramentas para se evitar grandes trag\u00e9dias. Assim cada pessoa conscientizada pode contribuir para a sua pr\u00f3pria seguran\u00e7a e tamb\u00e9m dos ocupantes do ambiente ao qual faz parte.<\/p>\n","protected":false},"excerpt":{"rendered":"<p>&nbsp; Oferecemos treinamentos ministrados por profissionais altamente qualificados: NR5 (CIPA); NR9 ( PPRA ). NR18 (Seguran\u00e7a na constru\u00e7\u00e3o); NR33 (Espa\u00e7os [&hellip;]<\/p>\n","protected":false},"author":1,"featured_media":0,"parent":0,"menu_order":2,"comment_status":"closed","ping_status":"closed","template":"","meta":{"site-sidebar-layout":"default","site-content-layout":"","ast-site-content-layout":"default","site-content-style":"default","site-sidebar-style":"default","ast-global-header-display":"","ast-banner-title-visibility":"","ast-main-header-display":"","ast-hfb-above-header-display":"","ast-hfb-below-header-display":"","ast-hfb-mobile-header-display":"","site-post-title":"","ast-breadcrumbs-content":"","ast-featured-img":"","footer-sml-layout":"","theme-transparent-header-meta":"default","adv-header-id-meta":"","stick-header-meta":"","header-above-stick-meta":"","header-main-stick-meta":"","header-below-stick-meta":"","astra-migrate-meta-layouts":"set","ast-page-background-enabled":"default","ast-page-background-meta":{"desktop":{"background-color":"var(--ast-global-color-4)","background-image":"","background-repeat":"repeat","background-position":"center center","background-size":"auto","background-attachment":"scroll","background-type":"","background-media":"","overlay-type":"","overlay-color":"","overlay-opacity":"","overlay-gradient":""},"tablet":{"background-color":"","background-image":"","background-repeat":"repeat","background-position":"center center","background-size":"auto","background-attachment":"scroll","background-type":"","background-media":"","overlay-type":"","overlay-color":"","overlay-opacity":"","overlay-gradient":""},"mobile":{"background-color":"","background-image":"","background-repeat":"repeat","background-position":"center center","background-size":"auto","background-attachment":"scroll","background-type":"","background-media":"","overlay-type":"","overlay-color":"","overlay-opacity":"","overlay-gradient":""}},"ast-content-background-meta":{"desktop":{"background-color":"var(--ast-global-color-5)","background-image":"","background-repeat":"repeat","background-position":"center center","background-size":"auto","background-attachment":"scroll","background-type":"","background-media":"","overlay-type":"","overlay-color":"","overlay-opacity":"","overlay-gradient":""},"tablet":{"background-color":"var(--ast-global-color-5)","background-image":"","background-repeat":"repeat","background-position":"center center","background-size":"auto","background-attachment":"scroll","background-type":"","background-media":"","overlay-type":"","overlay-color":"","overlay-opacity":"","overlay-gradient":""},"mobile":{"background-color":"var(--ast-global-color-5)","background-image":"","background-repeat":"repeat","background-position":"center center","background-size":"auto","background-attachment":"scroll","background-type":"","background-media":"","overlay-type":"","overlay-color":"","overlay-opacity":"","overlay-gradient":""}},"footnotes":""},"class_list":["post-21","page","type-page","status-publish","hentry"],"_links":{"self":[{"href":"https:\/\/opusmart.com.br\/hp10\/wp-json\/wp\/v2\/pages\/21"}],"collection":[{"href":"https:\/\/opusmart.com.br\/hp10\/wp-json\/wp\/v2\/pages"}],"about":[{"href":"https:\/\/opusmart.com.br\/hp10\/wp-json\/wp\/v2\/types\/page"}],"author":[{"embeddable":true,"href":"https:\/\/opusmart.com.br\/hp10\/wp-json\/wp\/v2\/users\/1"}],"replies":[{"embeddable":true,"href":"https:\/\/opusmart.com.br\/hp10\/wp-json\/wp\/v2\/comments?post=21"}],"version-history":[{"count":2,"href":"https:\/\/opusmart.com.br\/hp10\/wp-json\/wp\/v2\/pages\/21\/revisions"}],"predecessor-version":[{"id":428,"href":"https:\/\/opusmart.com.br\/hp10\/wp-json\/wp\/v2\/pages\/21\/revisions\/428"}],"wp:attachment":[{"href":"https:\/\/opusmart.com.br\/hp10\/wp-json\/wp\/v2\/media?parent=21"}],"curies":[{"name":"wp","href":"https:\/\/api.w.org\/{rel}","templated":true}]}}